{"id":102,"date":"2023-09-07T10:15:49","date_gmt":"2023-09-07T08:15:49","guid":{"rendered":"https:\/\/webinar.dsz-shop.de\/?page_id=102"},"modified":"2025-04-25T17:09:19","modified_gmt":"2025-04-25T15:09:19","slug":"impressum","status":"publish","type":"page","link":"https:\/\/webinar.dsz-shop.de\/index.php\/impressum\/","title":{"rendered":"Impressum"},"content":{"rendered":"\r\n<p>Die ver\u00f6ffentlichten Inhalte sind mit gr\u00f6\u00dfter Sorgfalt recherchiert. Dennoch kann keine Gew\u00e4hr f\u00fcr die Aktualit\u00e4t, Korrektheit, Vollst\u00e4ndigkeit oder Qualit\u00e4t der bereitgestellten Informationen \u00fcbernommen werden. Alle Angaben erfolgen ohne Gew\u00e4hr. Haftungsanspr\u00fcche gegen den Betreiber bzw. die einstellenden Inhaltepartner, welche sich auf Sch\u00e4den materieller oder ideeller Art beziehen, die durch die Nutzung oder Nichtnutzung der dargebotenen Informationen bzw. durch die Nutzung fehlerhafter und unvollst\u00e4ndiger Informationen verursacht wurden, sind grunds\u00e4tzlich ausgeschlossen, sofern seitens des Autors kein nachweislich vors\u00e4tzliches oder grob fahrl\u00e4ssiges Verschulden vorliegt.<\/p>\r\n<p>Die Bereitstellung und Ver\u00f6ffentlichung der Produktbilder und der zu den Produkten geh\u00f6renden Daten erfolgt mit ausdr\u00fccklicher und schriftlicher Genehmigung der Hersteller bzw. Inhaber der jeweiligen Rechte.<\/p>\r\n<p>Die Vervielf\u00e4ltigung von Inhalten oder Daten, insbesondere die Verwendung von Texten, Textteilen oder Bildmaterial bedarf unserer vorherigen schriftlichen Zustimmung.<\/p>\r\n\r\n\r\n\r\n<p>Die Europ\u00e4ische Kommission stellt eine Plattform zur Online-Streitbeilegung (OS) bereit. Diese Plattform finden Sie unter <a href=\"http:\/\/ec.europa.eu\/consumers\/odr\/\" target=\"_blank\" rel=\"noreferrer noopener\">http:\/\/ec.europa.eu\/consumers\/odr<\/a>. Verbraucher haben die M\u00f6glichkeit, diese Plattform f\u00fcr die Beilegung ihrer Streitigkeiten zu nutzen.<\/p>\r\n\r\n\r\n\r\n<p>DIABETES-SERVICE-ZENTRUM (DSZ)<br \/>Inh. Gabriele Stoll e.K.<br \/>W\u00fcnostr. 16<br \/>65232 Taunusstein-Wingsbach<br \/>Deutschland<\/p>\r\n<p>Tel.: 06128-487740<br \/>Fax: 06128-487749<br \/>E-Mail: <a href=\"mailto:info@diabetes-service-zentrum.de\">info@diabetes-service-zentrum.de<\/a><\/p>\r\n<p><strong>Handelsgegister<\/strong><br \/>Nummer: HRA 6233 &#8211; Amtsgericht Wiesbaden<\/p>\r\n<p><strong>Steueridentifikation<\/strong><br \/>USt-IdNr.: DE111341716<br \/><br \/><strong>Bankverbindung<\/strong><br \/>Name der Bank:\u00a0Wiesbadener Volksbank<br \/>IBAN: DE73510900000000506303<br \/>BIC: WIBADE5WXXX<br \/>Kontoinhaber: Diabetes-Service-Zentrum e.K. Inh. Gabriele Stoll<\/p>\r\n\r\n\r\n\r\n<h2 class=\"wp-block-heading\">Haftungsausschluss<\/h2>\r\n\r\n\r\n\r\n<h1 class=\"wp-block-heading\">Impressum<\/h1>\r\n\r\n\r\n\r\n<h2 class=\"wp-block-heading\">Streitschlichtung<\/h2>\r\n\r\n\r\n\r\n<h2 class=\"wp-block-heading\">Kontakdaten<\/h2>\r\n","protected":false},"excerpt":{"rendered":"<p>Die ver\u00f6ffentlichten Inhalte sind mit gr\u00f6\u00dfter Sorgfalt recherchiert. Dennoch kann keine Gew\u00e4hr f\u00fcr die Aktualit\u00e4t, Korrektheit, Vollst\u00e4ndigkeit oder Qualit\u00e4t der bereitgestellten Informationen \u00fcbernommen werden. Alle Angaben erfolgen ohne Gew\u00e4hr. Haftungsanspr\u00fcche gegen den Betreiber bzw. die einstellenden Inhaltepartner, welche sich auf Sch\u00e4den materieller oder ideeller Art beziehen, die durch die Nutzung oder Nichtnutzung der dargebotenen Informationen [&hellip;]<\/p>\n","protected":false},"author":1,"featured_media":0,"parent":0,"menu_order":0,"comment_status":"closed","ping_status":"closed","template":"","meta":{"footnotes":""},"class_list":["post-102","page","type-page","status-publish","hentry"],"_links":{"self":[{"href":"https:\/\/webinar.dsz-shop.de\/index.php\/wp-json\/wp\/v2\/pages\/102","targetHints":{"allow":["GET"]}}],"collection":[{"href":"https:\/\/webinar.dsz-shop.de\/index.php\/wp-json\/wp\/v2\/pages"}],"about":[{"href":"https:\/\/webinar.dsz-shop.de\/index.php\/wp-json\/wp\/v2\/types\/page"}],"author":[{"embeddable":true,"href":"https:\/\/webinar.dsz-shop.de\/index.php\/wp-json\/wp\/v2\/users\/1"}],"replies":[{"embeddable":true,"href":"https:\/\/webinar.dsz-shop.de\/index.php\/wp-json\/wp\/v2\/comments?post=102"}],"version-history":[{"count":24,"href":"https:\/\/webinar.dsz-shop.de\/index.php\/wp-json\/wp\/v2\/pages\/102\/revisions"}],"predecessor-version":[{"id":2361,"href":"https:\/\/webinar.dsz-shop.de\/index.php\/wp-json\/wp\/v2\/pages\/102\/revisions\/2361"}],"wp:attachment":[{"href":"https:\/\/webinar.dsz-shop.de\/index.php\/wp-json\/wp\/v2\/media?parent=102"}],"curies":[{"name":"wp","href":"https:\/\/api.w.org\/{rel}","templated":true}]}}